{"id":552,"date":"2018-05-15T11:49:47","date_gmt":"2018-05-15T09:49:47","guid":{"rendered":"https:\/\/sevennineseven.at\/?page_id=552"},"modified":"2018-06-28T16:33:39","modified_gmt":"2018-06-28T14:33:39","slug":"datenschutzerklaerung","status":"publish","type":"page","link":"https:\/\/sevennineseven.at\/index.php\/datenschutzerklaerung\/","title":{"rendered":"Datenschutzerkl\u00e4rung"},"content":{"rendered":"<p>Der Schutz Ihrer pers\u00f6nlichen Daten ist uns ein besonderes Anliegen. Wir verarbeiten Ihre Daten daher ausschlie\u00dflich auf Grundlage der gesetzlichen Bestimmungen (DSGVO, TKG 2003). In dieser Datenschutzerkl\u00e4rung informieren wir Sie \u00fcber die wichtigsten Aspekte der Datenverarbeitung bei sevennineseven KG (nachfolgend 797).<\/p>\n<h3>Kontaktaufnahme mit 797:<\/h3>\n<p>Wenn Sie per E-Mail oder Telefon Kontakt mit uns aufnehmen, werden Ihre angegebenen Daten zwecks Bearbeitung der Anfrage und f\u00fcr den Fall von Anschlussfragen sechs Monate bei uns gespeichert. Diese Daten geben wir nicht ohne Ihre Einwilligung weiter.<\/p>\n<h3>Bestandskunden:<\/h3>\n<p>Personenbezogene Daten, die wir im Rahmen einer aufrechten Gesch\u00e4ftsbeziehung verarbeiten, speichern wir maximal f\u00fcr die Dauer dieser Gesch\u00e4ftsbeziehung zuz\u00fcglich gesetzlicher Aufbewahrungsfristen. <\/p>\n<h3>Webseite:<\/h3>\n<p>Unsere Webseite setzt weder Cookies noch Analyse Tools (z.B.: Google Analytics) ein.<br \/>\nZu Statistik-Zwecken erfassen wir Seitenaufrufe, dabei wird die IP-Adresse aber anonymisiert und somit nicht gespeichert.<br \/>\n<!--Es werden externe Schriften der Google Inc. (Google Fonts) auf dieser Webseite verwendet. Die Einbindung dieser Schriften erfolgt mittels Serveraufruf. Dabei werden folgende Daten an den Google-Server \u00fcbermittelt: Ihre IP-Adress und welche unserer Seiten Sie besucht haben. N\u00e4here Informationen zu den Datenschutzhinweisen von Google finden Sie <a href=\"https:\/\/policies.google.com\/privacy?hl=de\" rel=\"noopener\" target=\"_blank\">hier<\/a>.--><\/p>\n<h3>Ihre Rechte:<\/h3>\n<p>Ihnen stehen grunds\u00e4tzlich die Rechte auf Auskunft, Berichtigung, L\u00f6schung, Einschr\u00e4nkung, Daten-\u00fcbertragbarkeit, Widerruf und Widerspruch zu. Wenn Sie glauben, dass die Verarbeitung Ihrer Daten gegen das Datenschutzrecht verst\u00f6\u00dft oder Ihre datenschutzrechtlichen Anspr\u00fcche sonst in einer Weise verletzt worden sind, k\u00f6nnen Sie bei der Aufsichtsbeh\u00f6rde Beschwerde einreichen. In \u00d6sterreich ist dies die Datenschutzbeh\u00f6rde.<\/p>\n<p><u>Sie erreichen uns unter folgenden Kontaktdaten:<\/u><\/p>\n<p style=\"text-align: left;\">\nsevennineseven KG<br \/>\nGarnisongasse 6\/19<br \/>\n1090 Wien<br \/>\nTelefon: +43 (0)1 319 19 29<br \/>\n<a title=\"\" href=\"mailto:office@sevennineseven.at\">office@sevennineseven.at<\/a><\/p>\n<p>Stand: Mai 2018<\/p>\n","protected":false},"excerpt":{"rendered":"<p>Der Schutz Ihrer pers\u00f6nlichen Daten ist uns ein besonderes Anliegen. Wir verarbeiten Ihre Daten daher ausschlie\u00dflich auf Grundlage der gesetzlichen Bestimmungen (DSGVO, TKG 2003). In dieser Datenschutzerkl\u00e4rung informieren wir Sie \u00fcber die wichtigsten Aspekte der Datenverarbeitung bei sevennineseven KG (nachfolgend 797). Kontaktaufnahme mit 797: Wenn Sie per E-Mail oder Telefon Kontakt mit uns aufnehmen, werden &#8230; <a title=\"Datenschutzerkl\u00e4rung\" class=\"read-more\" href=\"https:\/\/sevennineseven.at\/index.php\/datenschutzerklaerung\/\" aria-label=\"Mehr dazu unter Datenschutzerkl\u00e4rung\">Weiterlesen<\/a><\/p>\n","protected":false},"author":1,"featured_media":0,"parent":0,"menu_order":0,"comment_status":"closed","ping_status":"closed","template":"","meta":[],"_links":{"self":[{"href":"https:\/\/sevennineseven.at\/index.php\/wp-json\/wp\/v2\/pages\/552"}],"collection":[{"href":"https:\/\/sevennineseven.at\/index.php\/wp-json\/wp\/v2\/pages"}],"about":[{"href":"https:\/\/sevennineseven.at\/index.php\/wp-json\/wp\/v2\/types\/page"}],"author":[{"embeddable":true,"href":"https:\/\/sevennineseven.at\/index.php\/wp-json\/wp\/v2\/users\/1"}],"replies":[{"embeddable":true,"href":"https:\/\/sevennineseven.at\/index.php\/wp-json\/wp\/v2\/comments?post=552"}],"version-history":[{"count":8,"href":"https:\/\/sevennineseven.at\/index.php\/wp-json\/wp\/v2\/pages\/552\/revisions"}],"predecessor-version":[{"id":571,"href":"https:\/\/sevennineseven.at\/index.php\/wp-json\/wp\/v2\/pages\/552\/revisions\/571"}],"wp:attachment":[{"href":"https:\/\/sevennineseven.at\/index.php\/wp-json\/wp\/v2\/media?parent=552"}],"curies":[{"name":"wp","href":"https:\/\/api.w.org\/{rel}","templated":true}]}}