{"id":24,"date":"2017-08-02T16:37:58","date_gmt":"2017-08-02T14:37:58","guid":{"rendered":"http:\/\/itsolutionists.com\/?page_id=24"},"modified":"2026-03-18T12:34:55","modified_gmt":"2026-03-18T11:34:55","slug":"kontakt","status":"publish","type":"page","link":"https:\/\/sevennineseven.at\/index.php\/kontakt\/","title":{"rendered":"Kontakt"},"content":{"rendered":"<p style=\"text-align: left;\">Garnisongasse 6\/19<br \/>\n1090 Wien<br \/>\n<a href=\"https:\/\/www.google.at\/maps\/place\/sevennineseven\/@48.2152433,16.3545445,17z\/data=!3m1!4b1!4m5!3m4!1s0x41090452c7b8e5c5:0xb3e539a9dbe09c9b!8m2!3d48.2152433!4d16.3567332?hl=de\" target=\"_blank\" rel=\"noopener noreferrer\">Adresse auf Google Maps anzeigen<\/a><br \/>\nTelefon: +43 (0)1 319 19 29<br \/>\nFax: +43 (0)1 319 19 30<br \/>\n<a title=\"\" href=\"mailto:office@sevennineseven.at\">office@sevennineseven.at<\/a><\/p>\n<p>Klosterplatz 1a<br \/>\n4650 Lambach<br \/>\n<a href=\"https:\/\/www.google.com\/search?client=firefox-b-d&amp;sxsrf=APq-WBuI6NVHLaN3jmaSl1HmWscYcToQ2w:1643708103451&amp;q=Klosterplatz+1+a+4650+Lambach&amp;spell=1&amp;sa=X&amp;ved=2ahUKEwjV_frsmd71AhUJPOwKHb2WBJwQBSgAegQIARAy\">Adresse auf Google Maps anzeigen<\/a><br \/>\nTelefon: +43 (0)7245 282 93<br \/>\n<a title=\"\" href=\"mailto:office@sevennineseven.at\">office@sevennineseven.at<\/a><\/p>\n<p>Gesch\u00e4ftszeiten: Mo\u2013Do 9:00\u201317:00 | Fr 9:00\u201313:00<\/p>\n<p><!--<iframe style=\"border: 0;\" src=\"https:\/\/www.google.com\/maps\/embed?pb=!1m14!1m8!1m3!1d5317.147446665201!2d16.353815535577354!3d48.21482614693499!3m2!1i1024!2i768!4f13.1!3m3!1m2!1s0x0%3A0xb3e539a9dbe09c9b!2ssevennineseven!5e0!3m2!1sde!2sat!4v1501755609303\" width=\"400\" height=\"300\" frameborder=\"0\" allowfullscreen=\"allowfullscreen\"><\/iframe>--><\/p>\n<p style=\"text-align: left;\">FN: 215696a<br \/>\nUID: ATU53790900<br \/>\nGerichtsstand ist Wien<\/p>\n<p>Mitglied der Fachgruppe Wirtschaftskammer Wien: Unternehmensberatung &amp; Informationstechnologie<br \/>\nMitglied des Landesgremiums Wirtschaftskammer Wien: Sektion Handel mit Computer und B\u00fcrosysteme<\/p>\n<p><a href=\"https:\/\/sevennineseven.at\/wp-content\/uploads\/2019\/05\/797_AGB_01_2019.pdf\" target=\"_blank\" rel=\"noopener noreferrer\">AGBs<\/a><\/p>\n<h4><u>Offenlegungspflicht gem\u00e4\u00df \u00a725 Mediengesetz<\/u><\/h4>\n<p>sevennineseven KG<br \/>\nUnternehmensgegenstand: IT-Dienstleistungen, Handel mit Computersystemen<br \/>\nGesch\u00e4ftsf\u00fchrender Gesellschafter und Medieninhaber: Sebastian Herget<br \/>\nGesellschafterin: Helga Allerstorfer<\/p>\n<p>Grundlegende Richtung der Website \/ des Blogs: Informationen \u00fcber sevenninesven KG sowie ihre Produkte und Dienstleitungen Informationen betreffend die Themenbereiche IT-Sicherheit, Datenschutz und innovative Hard- und Softwarel\u00f6sungen<\/p>\n<p>Hinweise: S\u00e4mtliche Texte auf der Website wurden sorgf\u00e4ltig gepr\u00fcft. Dessen ungeachtet kann keine Garantie f\u00fcr Richtigkeit, Vollst\u00e4ndigkeit und Aktualit\u00e4t der Angaben \u00fcbernommen werden. Verweise und Links zu anderen Internetangeboten wurden sorgf\u00e4ltig ausgew\u00e4hlt. Deren Inhalt, Richtigkeit, Aktualit\u00e4t, Vollst\u00e4ndigkeit und Verf\u00fcgbarkeit liegen aber nicht in unserem Einflussbereich und 797 \u00fcbernimmt hierf\u00fcr keine Gew\u00e4hrleistung\/Haftung. Im Sinne einer besseren Lesbarkeit der Texte wurde von uns entweder die m\u00e4nnliche oder weibliche Form von personenbezogenen Hauptw\u00f6rtern gew\u00e4hlt. Dies impliziert keinesfalls eine Benachteiligung des jeweils anderen Geschlechts. Frauen und M\u00e4nner m\u00f6gen sich von den Inhalten unserer Website gleicherma\u00dfen angesprochen f\u00fchlen. Geistiges Eigentum: S\u00e4mtliche Inhalte sind im Sinne des Urheberrechtsgesetzes urheberrechtlich gesch\u00fctzt. Alle Rechte daran bleiben dem Rechteinhaber vorbehalten. \u00c4nderungen d\u00fcrfen nicht vorgenommen werden. Eine \u00f6ffentliche Verwendung der Informationen\/Services darf nur mit Zustimmung der sevennineseven KG und unter Nennung sowie Ersichtlichmachung der Quelle erfolgen. Das blo\u00dfe Verlinken auf unsere Inhalte unter gleichzeitigem Quellhinweis steht jedermann frei und bedarf keiner besonderen Genehmigung.<\/p>\n","protected":false},"excerpt":{"rendered":"<p>Garnisongasse 6\/19 1090 Wien Adresse auf Google Maps anzeigen Telefon: +43 (0)1 319 19 29 Fax: +43 (0)1 319 19 30 office@sevennineseven.at Klosterplatz 1a 4650 Lambach Adresse auf Google Maps anzeigen Telefon: +43 (0)7245 282 93 office@sevennineseven.at Gesch\u00e4ftszeiten: Mo\u2013Do 9:00\u201317:00 | Fr 9:00\u201313:00 FN: 215696a UID: ATU53790900 Gerichtsstand ist Wien Mitglied der Fachgruppe Wirtschaftskammer Wien: &#8230; <a title=\"Kontakt\" class=\"read-more\" href=\"https:\/\/sevennineseven.at\/index.php\/kontakt\/\" aria-label=\"Mehr dazu unter Kontakt\">Weiterlesen<\/a><\/p>\n","protected":false},"author":1,"featured_media":0,"parent":0,"menu_order":0,"comment_status":"closed","ping_status":"closed","template":"","meta":[],"_links":{"self":[{"href":"https:\/\/sevennineseven.at\/index.php\/wp-json\/wp\/v2\/pages\/24"}],"collection":[{"href":"https:\/\/sevennineseven.at\/index.php\/wp-json\/wp\/v2\/pages"}],"about":[{"href":"https:\/\/sevennineseven.at\/index.php\/wp-json\/wp\/v2\/types\/page"}],"author":[{"embeddable":true,"href":"https:\/\/sevennineseven.at\/index.php\/wp-json\/wp\/v2\/users\/1"}],"replies":[{"embeddable":true,"href":"https:\/\/sevennineseven.at\/index.php\/wp-json\/wp\/v2\/comments?post=24"}],"version-history":[{"count":37,"href":"https:\/\/sevennineseven.at\/index.php\/wp-json\/wp\/v2\/pages\/24\/revisions"}],"predecessor-version":[{"id":1040,"href":"https:\/\/sevennineseven.at\/index.php\/wp-json\/wp\/v2\/pages\/24\/revisions\/1040"}],"wp:attachment":[{"href":"https:\/\/sevennineseven.at\/index.php\/wp-json\/wp\/v2\/media?parent=24"}],"curies":[{"name":"wp","href":"https:\/\/api.w.org\/{rel}","templated":true}]}}