{"id":20,"date":"2017-08-02T16:37:38","date_gmt":"2017-08-02T14:37:38","guid":{"rendered":"http:\/\/itsolutionists.com\/?page_id=20"},"modified":"2017-09-01T10:18:09","modified_gmt":"2017-09-01T08:18:09","slug":"unternehmen","status":"publish","type":"page","link":"https:\/\/sevennineseven.at\/index.php\/unternehmen\/","title":{"rendered":"Unternehmen"},"content":{"rendered":"<p>Die sevennineseven KG (797) wurde im November 2001 als seven9seven OEG von Rudolf Kliemstein und den Br\u00fcdern Fabian und Sebastian Herget gegr\u00fcndet.<\/p>\n<p>Verbindend waren der gemeinsame Enthusiasmus gegen\u00fcber technischer Herausforderung und die \u00dcberzeugung, dass eine freundliche Beratung und technische Kompetenz miteinander vereinbar sind. Daraus entwickelte sich ein Unternehmen mit hoher Servicequalit\u00e4t und Zuverl\u00e4ssigkeit.<\/p>\n<p>Gepr\u00e4gt durch stetiges Wachstum betreut 797 mittlerweile \u00fcber 100 Kunden aus den unterschiedlichsten Branchen in ganz \u00d6sterreich.<\/p>\n<p>Im Jahr 2012 wurde die sevennineseven KG umstrukturiert. Rudolf Kliemstein und Fabian Herget schieden als Gesellschafter aus und Helga Allerstorfer trat als neue Gesellschafterin in die 797 ein. Der langj\u00e4hrige Unternehmenssitz in der Schulz-Stra\u00dfnitzky-Gasse wurde aus Platzgr\u00fcnden in das neue B\u00fcro in der Nu\u00dfdorfer Stra\u00dfe verlegt.<\/p>\n<p>Die Jahre nach 2012 waren durch weiteres starkes Wachstum und Expansion gepr\u00e4gt. Mit zus\u00e4tzlichen Mitarbeitern an Bord, folgte 2015 der Umzug in das aktuelle B\u00fcro in der Garnisongasse in Wien Alsergrund. Neben dem Standort in Wien betreibt die sevennineseven KG auch eine Niederlassung in Lambach (Ober\u00f6sterreich).<\/p>\n<p>Seit 2017 ist die sevennineseven KG ein stolzer Lehrbetrieb &#8211; unseren ersten Lehrling durften wir am 1. September 2017 begr\u00fc\u00dfen.<\/p>\n","protected":false},"excerpt":{"rendered":"<p>Die sevennineseven KG (797) wurde im November 2001 als seven9seven OEG von Rudolf Kliemstein und den Br\u00fcdern Fabian und Sebastian Herget gegr\u00fcndet. Verbindend waren der gemeinsame Enthusiasmus gegen\u00fcber technischer Herausforderung und die \u00dcberzeugung, dass eine freundliche Beratung und technische Kompetenz miteinander vereinbar sind. Daraus entwickelte sich ein Unternehmen mit hoher Servicequalit\u00e4t und Zuverl\u00e4ssigkeit. Gepr\u00e4gt durch &#8230; <a title=\"Unternehmen\" class=\"read-more\" href=\"https:\/\/sevennineseven.at\/index.php\/unternehmen\/\" aria-label=\"Mehr dazu unter Unternehmen\">Weiterlesen<\/a><\/p>\n","protected":false},"author":1,"featured_media":0,"parent":0,"menu_order":0,"comment_status":"closed","ping_status":"closed","template":"","meta":[],"_links":{"self":[{"href":"https:\/\/sevennineseven.at\/index.php\/wp-json\/wp\/v2\/pages\/20"}],"collection":[{"href":"https:\/\/sevennineseven.at\/index.php\/wp-json\/wp\/v2\/pages"}],"about":[{"href":"https:\/\/sevennineseven.at\/index.php\/wp-json\/wp\/v2\/types\/page"}],"author":[{"embeddable":true,"href":"https:\/\/sevennineseven.at\/index.php\/wp-json\/wp\/v2\/users\/1"}],"replies":[{"embeddable":true,"href":"https:\/\/sevennineseven.at\/index.php\/wp-json\/wp\/v2\/comments?post=20"}],"version-history":[{"count":10,"href":"https:\/\/sevennineseven.at\/index.php\/wp-json\/wp\/v2\/pages\/20\/revisions"}],"predecessor-version":[{"id":429,"href":"https:\/\/sevennineseven.at\/index.php\/wp-json\/wp\/v2\/pages\/20\/revisions\/429"}],"wp:attachment":[{"href":"https:\/\/sevennineseven.at\/index.php\/wp-json\/wp\/v2\/media?parent=20"}],"curies":[{"name":"wp","href":"https:\/\/api.w.org\/{rel}","templated":true}]}}